{"id":1420,"date":"2014-12-23T22:40:42","date_gmt":"2014-12-23T21:40:42","guid":{"rendered":"https:\/\/twentsgitaarfestival.nl\/?page_id=1420"},"modified":"2024-04-06T19:03:35","modified_gmt":"2024-04-06T18:03:35","slug":"masterclass","status":"publish","type":"page","link":"https:\/\/twentsgitaarfestival.nl\/de\/masterclass\/","title":{"rendered":"Gitarrenunterricht \/ Masterclass &#8211; Bekomme Unterricht von einem ber\u00fchmten Gitarristen!"},"content":{"rendered":"\t\t<div data-elementor-type=\"wp-page\" data-elementor-id=\"1420\" class=\"elementor elementor-1420 elementor-1099\">\n\t\t\t\t\t\t<section class=\"elementor-section elementor-top-section elementor-element elementor-element-affe590 elementor-section-boxed elementor-section-height-default elementor-section-height-default\" data-id=\"affe590\" data-element_type=\"section\" data-e-type=\"section\">\n\t\t\t\t\t\t<div class=\"elementor-container elementor-column-gap-default\">\n\t\t\t\t\t<div class=\"elementor-column elementor-col-100 elementor-top-column elementor-element elementor-element-fe80a60\" data-id=\"fe80a60\" data-element_type=\"column\" data-e-type=\"column\" data-settings=\"{&quot;background_background&quot;:&quot;classic&quot;}\">\n\t\t\t<div class=\"elementor-widget-wrap elementor-element-populated\">\n\t\t\t\t\t\t<div class=\"elementor-element elementor-element-d4dc86c elementor-widget elementor-widget-text-editor\" data-id=\"d4dc86c\" data-element_type=\"widget\" data-e-type=\"widget\" data-widget_type=\"text-editor.default\">\n\t\t\t\t<div class=\"elementor-widget-container\">\n\t\t\t\t\t\t\t\t\t<h3>Die K\u00fcnstler, die bei den Konzerten des Twents Gitaarfestival auftreten, geben auch Gitarrenunterricht. Diese sind auch f\u00fcr Zuschauer \u00f6ffentlich!<\/h3>\n<p>F\u00fcr den Unterricht ist es hilfreich, wenn Sie im Vorfeld ein St\u00fcck einstudiert haben, das Sie gut beherrschen und das Sie w\u00e4hrend des Unterrichts spielen und gemeinsam erarbeiten k\u00f6nnen. Teilnehmen kann jeder, unabh\u00e4ngig von Alter und Niveau. Es ist gut, wenn Sie die Noten zum Unterricht mitbringen.<\/p>\n\t\t\t\t\t\t\t\t<\/div>\n\t\t\t\t<\/div>\n\t\t\t\t<div class=\"elementor-element elementor-element-044ce09 elementor-align-center elementor-widget elementor-widget-button\" data-id=\"044ce09\" data-element_type=\"widget\" data-e-type=\"widget\" data-widget_type=\"button.default\">\n\t\t\t\t<div class=\"elementor-widget-container\">\n\t\t\t\t\t\t\t\t\t<div class=\"elementor-button-wrapper\">\n\t\t\t\t\t<a class=\"elementor-button elementor-button-link elementor-size-sm\" href=\"https:\/\/twentsgitaarfestival.nl\/de\/individueel-pakket\/\">\n\t\t\t\t\t\t<span class=\"elementor-button-content-wrapper\">\n\t\t\t\t\t\t\t\t\t<span class=\"elementor-button-text\">anmelden<\/span>\n\t\t\t\t\t<\/span>\n\t\t\t\t\t<\/a>\n\t\t\t\t<\/div>\n\t\t\t\t\t\t\t\t<\/div>\n\t\t\t\t<\/div>\n\t\t\t\t\t<\/div>\n\t\t<\/div>\n\t\t\t\t\t<\/div>\n\t\t<\/section>\n\t\t\t\t<section class=\"elementor-section elementor-top-section elementor-element elementor-element-0180c95 elementor-section-boxed elementor-section-height-default elementor-section-height-default\" data-id=\"0180c95\" data-element_type=\"section\" data-e-type=\"section\">\n\t\t\t\t\t\t<div class=\"elementor-container elementor-column-gap-default\">\n\t\t\t\t\t<div class=\"elementor-column elementor-col-100 elementor-top-column elementor-element elementor-element-cc28159\" data-id=\"cc28159\" data-element_type=\"column\" data-e-type=\"column\">\n\t\t\t<div class=\"elementor-widget-wrap elementor-element-populated\">\n\t\t\t\t\t\t<div class=\"elementor-element elementor-element-df00057 elementor-widget elementor-widget-spacer\" data-id=\"df00057\" data-element_type=\"widget\" data-e-type=\"widget\" data-widget_type=\"spacer.default\">\n\t\t\t\t<div class=\"elementor-widget-container\">\n\t\t\t\t\t\t\t<div class=\"elementor-spacer\">\n\t\t\t<div class=\"elementor-spacer-inner\"><\/div>\n\t\t<\/div>\n\t\t\t\t\t\t<\/div>\n\t\t\t\t<\/div>\n\t\t\t\t\t<\/div>\n\t\t<\/div>\n\t\t\t\t\t<\/div>\n\t\t<\/section>\n\t\t\t\t<section class=\"elementor-section elementor-top-section elementor-element elementor-element-1e40715 elementor-section-boxed elementor-section-height-default elementor-section-height-default\" data-id=\"1e40715\" data-element_type=\"section\" data-e-type=\"section\">\n\t\t\t\t\t\t<div class=\"elementor-container elementor-column-gap-default\">\n\t\t\t\t\t<div class=\"elementor-column elementor-col-100 elementor-top-column elementor-element elementor-element-139a3c4\" data-id=\"139a3c4\" data-element_type=\"column\" data-e-type=\"column\" data-settings=\"{&quot;background_background&quot;:&quot;classic&quot;}\">\n\t\t\t<div class=\"elementor-widget-wrap elementor-element-populated\">\n\t\t\t\t\t\t<section class=\"elementor-section elementor-inner-section elementor-element elementor-element-2473d97 elementor-section-boxed elementor-section-height-default elementor-section-height-default\" data-id=\"2473d97\" data-element_type=\"section\" data-e-type=\"section\" data-settings=\"{&quot;background_background&quot;:&quot;classic&quot;}\">\n\t\t\t\t\t\t<div class=\"elementor-container elementor-column-gap-default\">\n\t\t\t\t\t<div class=\"elementor-column elementor-col-50 elementor-inner-column elementor-element elementor-element-e9b847b\" data-id=\"e9b847b\" data-element_type=\"column\" data-e-type=\"column\">\n\t\t\t<div class=\"elementor-widget-wrap elementor-element-populated\">\n\t\t\t\t\t\t<div class=\"elementor-element elementor-element-fd97f7c elementor-widget elementor-widget-text-editor\" data-id=\"fd97f7c\" data-element_type=\"widget\" data-e-type=\"widget\" data-widget_type=\"text-editor.default\">\n\t\t\t\t<div class=\"elementor-widget-container\">\n\t\t\t\t\t\t\t\t\t<h2>Cristina Galietto<\/h2>\n<p>Cristina Galietto ist eine 23-j\u00e4hrige klassische Gitarristin aus Neapel in Italien, deren Gitarrenspiel sie in viele L\u00e4nder Europas gef\u00fchrt hat, wo sie Konzerte gegeben und Meisterkurse bei K\u00fcnstlern wie Aniello Desiderio und Carlo Marchione besucht hat.<\/p>\n<p>Zu den zahlreichen internationalen Wettbewerben, die sie gewonnen hat, geh\u00f6ren die ersten Preise beim Europ\u00e4ischen EuroStrings-Wettbewerb, beim Internationalen Rago-Gitarrenwettbewerb in Stuttgart, beim Internationalen Wettbewerb f\u00fcr junge Gitarristen &#8220;Andr\u00e9s Segovia&#8221; in Monheim am Rhein und beim Wettbewerb des Uppsala International Guitar Festival in Schweden.<\/p>\n<p>Sie begann ihre musikalische Ausbildung im Alter von sieben Jahren bei ihrem Vater, einem Gitarrenlehrer, und besuchte dann die Musikschule &#8220;Margherita di Savoia&#8221; in Neapel, wo sie bei Enzo Amat studierte. Sie schloss ihr Studium am Musikkonservatorium San Pietro a Majella&#8221; in Neapel und am Musikkonservatorium Domenico Cimarosa&#8221; in Avellino in der Klasse von Lucio Matarazzo mit Auszeichnung und besonderer Erw\u00e4hnung ab. Derzeit studiert sie bei Paolo Pegoraro und Lukasz Kuropaczewski an der Universit\u00e4t f\u00fcr Musik und darstellende Kunst in Graz.<\/p>\n<p>Ihr Album <i>Avant l&#8217;Aube<\/i>, das Ende 2020 (Timespan recordings) erscheint, enth\u00e4lt Musik von Komponisten wie Joaqu\u00edn Rodrigo, Domenico Scarlatti und Alexis Rago, die alle f\u00fcr ein intimes, zartes und leidenschaftliches musikalisches Gef\u00fchl stehen &#8211; Eigenschaften, die in ihrem Spiel hervorstechen und die ihr Publikum anziehen.<\/p>\n\t\t\t\t\t\t\t\t<\/div>\n\t\t\t\t<\/div>\n\t\t\t\t\t<\/div>\n\t\t<\/div>\n\t\t\t\t<div class=\"elementor-column elementor-col-50 elementor-inner-column elementor-element elementor-element-b773535\" data-id=\"b773535\" data-element_type=\"column\" data-e-type=\"column\">\n\t\t\t<div class=\"elementor-widget-wrap elementor-element-populated\">\n\t\t\t\t\t\t<div class=\"elementor-element elementor-element-01a63c2 elementor-widget elementor-widget-spacer\" data-id=\"01a63c2\" data-element_type=\"widget\" data-e-type=\"widget\" data-widget_type=\"spacer.default\">\n\t\t\t\t<div class=\"elementor-widget-container\">\n\t\t\t\t\t\t\t<div class=\"elementor-spacer\">\n\t\t\t<div class=\"elementor-spacer-inner\"><\/div>\n\t\t<\/div>\n\t\t\t\t\t\t<\/div>\n\t\t\t\t<\/div>\n\t\t\t\t<div class=\"elementor-element elementor-element-b83898f elementor-widget elementor-widget-image\" data-id=\"b83898f\" data-element_type=\"widget\" data-e-type=\"widget\" data-widget_type=\"image.default\">\n\t\t\t\t<div class=\"elementor-widget-container\">\n\t\t\t\t\t\t\t\t\t\t\t\t\t\t\t<img fetchpriority=\"high\" decoding=\"async\" width=\"600\" height=\"800\" src=\"https:\/\/twentsgitaarfestival.nl\/wp-content\/uploads\/2024\/03\/Galietto600x800.png\" class=\"attachment-medium_large size-medium_large wp-image-11652\" alt=\"Cristina Galietto @ Twents Gitaarfestival\" srcset=\"https:\/\/twentsgitaarfestival.nl\/wp-content\/uploads\/2024\/03\/Galietto600x800.png 600w, https:\/\/twentsgitaarfestival.nl\/wp-content\/uploads\/2024\/03\/Galietto600x800-225x300.png 225w, https:\/\/twentsgitaarfestival.nl\/wp-content\/uploads\/2024\/03\/Galietto600x800-113x150.png 113w\" sizes=\"(max-width: 600px) 100vw, 600px\" \/>\t\t\t\t\t\t\t\t\t\t\t\t\t\t\t<\/div>\n\t\t\t\t<\/div>\n\t\t\t\t\t<\/div>\n\t\t<\/div>\n\t\t\t\t\t<\/div>\n\t\t<\/section>\n\t\t\t\t<div class=\"elementor-element elementor-element-3397760 elementor-widget-divider--view-line elementor-widget elementor-widget-divider\" data-id=\"3397760\" data-element_type=\"widget\" data-e-type=\"widget\" data-widget_type=\"divider.default\">\n\t\t\t\t<div class=\"elementor-widget-container\">\n\t\t\t\t\t\t\t<div class=\"elementor-divider\">\n\t\t\t<span class=\"elementor-divider-separator\">\n\t\t\t\t\t\t<\/span>\n\t\t<\/div>\n\t\t\t\t\t\t<\/div>\n\t\t\t\t<\/div>\n\t\t\t\t<section class=\"elementor-section elementor-inner-section elementor-element elementor-element-46b68a7 elementor-section-boxed elementor-section-height-default elementor-section-height-default\" data-id=\"46b68a7\" data-element_type=\"section\" data-e-type=\"section\" data-settings=\"{&quot;background_background&quot;:&quot;classic&quot;}\">\n\t\t\t\t\t\t<div class=\"elementor-container elementor-column-gap-default\">\n\t\t\t\t\t<div class=\"elementor-column elementor-col-50 elementor-inner-column elementor-element elementor-element-47d9116\" data-id=\"47d9116\" data-element_type=\"column\" data-e-type=\"column\">\n\t\t\t<div class=\"elementor-widget-wrap elementor-element-populated\">\n\t\t\t\t\t\t<div class=\"elementor-element elementor-element-374b411 elementor-widget elementor-widget-text-editor\" data-id=\"374b411\" data-element_type=\"widget\" data-e-type=\"widget\" data-widget_type=\"text-editor.default\">\n\t\t\t\t<div class=\"elementor-widget-container\">\n\t\t\t\t\t\t\t\t\t<h2>Vladislav Fedorov<\/h2>\n<p>Vladislav Fedorov wurde in Karaganda, Kasachstan, geboren und studierte am Gnessins College in Moskau, an der Accademia Chigiana di Siena in Italien und von 2012 bis 2019 an der Universit\u00e4t f\u00fcr Musik in K\u00f6ln, wo er seinen Bachelor- und Masterabschluss bei Prof. Roberto Aussel.<\/p>\n<h2>Nikolai Studenikin<\/h2>\n<p>Nikolai Studenikin wurde in Simferopol, Ukraine, geboren und studierte zun\u00e4chst am Gnessins College in Moskau bei Anastasia Bardina. Ab 2015 war er in der Klasse von Prof. Hans-Werner Huppertz an der HfMT K\u00f6ln\/Aachen, wo er sein Bachelor- und Masterstudium mit Bestnoten abschloss.<\/p>\n<p><strong>Nikolai Studenikin und Vladislav Fedorov<\/strong> kennen sich seit ihrer Studienzeit in Moskau und treten seit mehreren Jahren erfolgreich als Gitarrenduo auf. Sie sind Preistr\u00e4ger verschiedener internationaler Gitarrenwettbewerbe. Im Jahr 2023 gewannen sie den ersten Preis unseres \u201eKammermusik mit Gitarre Wettbewerbs\u201c im Rahmen des Twents Gitaarfestivals.<\/p>\n<p>Zurzeit studieren sie im Masterstudiengang f\u00fcr Kammermusik bei Prof. Hans-Werner Huppertz an der HfMT K\u00f6ln\/Aachen und treten regelm\u00e4\u00dfig bei Veranstaltungen, Festivals und eigenen Konzerten auf. Ihr Repertoire umfasst Originalwerke f\u00fcr Gitarrenduo sowie Transkriptionen f\u00fcr diese Besetzung.<\/p>\n\t\t\t\t\t\t\t\t<\/div>\n\t\t\t\t<\/div>\n\t\t\t\t\t<\/div>\n\t\t<\/div>\n\t\t\t\t<div class=\"elementor-column elementor-col-50 elementor-inner-column elementor-element elementor-element-c19bb8d\" data-id=\"c19bb8d\" data-element_type=\"column\" data-e-type=\"column\">\n\t\t\t<div class=\"elementor-widget-wrap elementor-element-populated\">\n\t\t\t\t\t\t<div class=\"elementor-element elementor-element-fd0099a elementor-widget elementor-widget-spacer\" data-id=\"fd0099a\" data-element_type=\"widget\" data-e-type=\"widget\" data-widget_type=\"spacer.default\">\n\t\t\t\t<div class=\"elementor-widget-container\">\n\t\t\t\t\t\t\t<div class=\"elementor-spacer\">\n\t\t\t<div class=\"elementor-spacer-inner\"><\/div>\n\t\t<\/div>\n\t\t\t\t\t\t<\/div>\n\t\t\t\t<\/div>\n\t\t\t\t<div class=\"elementor-element elementor-element-e32c732 elementor-widget elementor-widget-image\" data-id=\"e32c732\" data-element_type=\"widget\" data-e-type=\"widget\" data-widget_type=\"image.default\">\n\t\t\t\t<div class=\"elementor-widget-container\">\n\t\t\t\t\t\t\t\t\t\t\t\t\t\t\t<img decoding=\"async\" width=\"600\" height=\"800\" src=\"https:\/\/twentsgitaarfestival.nl\/wp-content\/uploads\/2024\/03\/Fedorov-Studenikin2_600x800.png\" class=\"attachment-medium_large size-medium_large wp-image-11767\" alt=\"Nikolai Studenikin en Vladislav Fedorov @ Twents Gitaarfestival\" srcset=\"https:\/\/twentsgitaarfestival.nl\/wp-content\/uploads\/2024\/03\/Fedorov-Studenikin2_600x800.png 600w, https:\/\/twentsgitaarfestival.nl\/wp-content\/uploads\/2024\/03\/Fedorov-Studenikin2_600x800-225x300.png 225w, https:\/\/twentsgitaarfestival.nl\/wp-content\/uploads\/2024\/03\/Fedorov-Studenikin2_600x800-113x150.png 113w\" sizes=\"(max-width: 600px) 100vw, 600px\" \/>\t\t\t\t\t\t\t\t\t\t\t\t\t\t\t<\/div>\n\t\t\t\t<\/div>\n\t\t\t\t\t<\/div>\n\t\t<\/div>\n\t\t\t\t\t<\/div>\n\t\t<\/section>\n\t\t\t\t<div class=\"elementor-element elementor-element-c1e89af elementor-widget elementor-widget-spacer\" data-id=\"c1e89af\" data-element_type=\"widget\" data-e-type=\"widget\" data-widget_type=\"spacer.default\">\n\t\t\t\t<div class=\"elementor-widget-container\">\n\t\t\t\t\t\t\t<div class=\"elementor-spacer\">\n\t\t\t<div class=\"elementor-spacer-inner\"><\/div>\n\t\t<\/div>\n\t\t\t\t\t\t<\/div>\n\t\t\t\t<\/div>\n\t\t\t\t<section class=\"elementor-section elementor-inner-section elementor-element elementor-element-fd5172b elementor-section-boxed elementor-section-height-default elementor-section-height-default\" data-id=\"fd5172b\" data-element_type=\"section\" data-e-type=\"section\">\n\t\t\t\t\t\t<div class=\"elementor-container elementor-column-gap-default\">\n\t\t\t\t\t<div class=\"elementor-column elementor-col-100 elementor-inner-column elementor-element elementor-element-685f3ad\" data-id=\"685f3ad\" data-element_type=\"column\" data-e-type=\"column\">\n\t\t\t<div class=\"elementor-widget-wrap elementor-element-populated\">\n\t\t\t\t\t\t<div class=\"elementor-element elementor-element-d4bcdb4 elementor-widget elementor-widget-heading\" data-id=\"d4bcdb4\" data-element_type=\"widget\" data-e-type=\"widget\" data-widget_type=\"heading.default\">\n\t\t\t\t<div class=\"elementor-widget-container\">\n\t\t\t\t\t<h4 class=\"elementor-heading-title elementor-size-default\">Freitag, 10. Mai<br>\n10-15:30 Uhr<br>\nKaliber Kunstenschool<\/h4>\t\t\t\t<\/div>\n\t\t\t\t<\/div>\n\t\t\t\t\t<\/div>\n\t\t<\/div>\n\t\t\t\t\t<\/div>\n\t\t<\/section>\n\t\t\t\t\t<\/div>\n\t\t<\/div>\n\t\t\t\t\t<\/div>\n\t\t<\/section>\n\t\t\t\t<section class=\"elementor-section elementor-top-section elementor-element elementor-element-102acef elementor-section-boxed elementor-section-height-default elementor-section-height-default\" data-id=\"102acef\" data-element_type=\"section\" data-e-type=\"section\">\n\t\t\t\t\t\t<div class=\"elementor-container elementor-column-gap-default\">\n\t\t\t\t\t<div class=\"elementor-column elementor-col-100 elementor-top-column elementor-element elementor-element-d905111\" data-id=\"d905111\" data-element_type=\"column\" data-e-type=\"column\">\n\t\t\t<div class=\"elementor-widget-wrap elementor-element-populated\">\n\t\t\t\t\t\t<div class=\"elementor-element elementor-element-c06ad78 elementor-widget elementor-widget-spacer\" data-id=\"c06ad78\" data-element_type=\"widget\" data-e-type=\"widget\" data-widget_type=\"spacer.default\">\n\t\t\t\t<div class=\"elementor-widget-container\">\n\t\t\t\t\t\t\t<div class=\"elementor-spacer\">\n\t\t\t<div class=\"elementor-spacer-inner\"><\/div>\n\t\t<\/div>\n\t\t\t\t\t\t<\/div>\n\t\t\t\t<\/div>\n\t\t\t\t\t<\/div>\n\t\t<\/div>\n\t\t\t\t\t<\/div>\n\t\t<\/section>\n\t\t\t\t<\/div>\n\t\t","protected":false},"excerpt":{"rendered":"<p>Die K\u00fcnstler, die bei den Konzerten des Twents Gitaarfestival auftreten, geben auch Gitarrenunterricht. Diese sind auch f\u00fcr Zuschauer \u00f6ffentlich! F\u00fcr den Unterricht ist es hilfreich, wenn Sie im Vorfeld ein St\u00fcck einstudiert haben, das Sie gut beherrschen und das Sie w\u00e4hrend des Unterrichts spielen und gemeinsam erarbeiten k\u00f6nnen. Teilnehmen kann jeder, unabh\u00e4ngig von Alter und [&hellip;]<\/p>\n","protected":false},"author":1,"featured_media":0,"parent":0,"menu_order":0,"comment_status":"closed","ping_status":"closed","template":"","meta":{"_acf_changed":false,"footnotes":""},"class_list":["post-1420","page","type-page","status-publish","hentry"],"acf":[],"yoast_head":"<!-- This site is optimized with the Yoast SEO plugin v27.5 - https:\/\/yoast.com\/product\/yoast-seo-wordpress\/ -->\n<title>Twents Gitaarfestival<\/title>\n<meta name=\"description\" content=\"Unsere \u00f6ffentlichen Meisterkurse bieten die M\u00f6glichkeit, von einem ber\u00fchmten Gitarristen zu lernen. Auf dem Twents Gitaarfestival: vom 26 - 29.05.2022\" \/>\n<meta name=\"robots\" content=\"index, follow, max-snippet:-1, max-image-preview:large, max-video-preview:-1\" \/>\n<link rel=\"canonical\" href=\"https:\/\/twentsgitaarfestival.nl\/de\/masterclass\/\" \/>\n<meta property=\"og:locale\" content=\"de_DE\" \/>\n<meta property=\"og:type\" content=\"article\" \/>\n<meta property=\"og:description\" content=\"Unsere \u00f6ffentlichen Meisterkurse bieten die M\u00f6glichkeit, von einem ber\u00fchmten Gitarristen zu lernen. Auf dem Twents Gitaarfestival: vom 26 - 29.05.2022\" \/>\n<meta property=\"og:url\" content=\"https:\/\/twentsgitaarfestival.nl\/de\/masterclass\/\" \/>\n<meta property=\"og:site_name\" content=\"Twents Gitaarfestival\" \/>\n<meta property=\"article:modified_time\" content=\"2024-04-06T18:03:35+00:00\" \/>\n<meta property=\"og:image\" content=\"https:\/\/twentsgitaarfestival.nl\/wp-content\/uploads\/2024\/03\/Galietto600x800.png\" \/>\n<meta name=\"twitter:card\" content=\"summary_large_image\" \/>\n<meta name=\"twitter:label1\" content=\"Gesch\u00e4tzte Lesezeit\" \/>\n\t<meta name=\"twitter:data1\" content=\"4 minutes\" \/>\n<script type=\"application\/ld+json\" class=\"yoast-schema-graph\">{\"@context\":\"https:\\\/\\\/schema.org\",\"@graph\":[{\"@type\":\"WebPage\",\"@id\":\"https:\\\/\\\/twentsgitaarfestival.nl\\\/de\\\/masterclass\\\/\",\"url\":\"https:\\\/\\\/twentsgitaarfestival.nl\\\/de\\\/masterclass\\\/\",\"name\":\"\",\"isPartOf\":{\"@id\":\"https:\\\/\\\/twentsgitaarfestival.nl\\\/#website\"},\"primaryImageOfPage\":{\"@id\":\"https:\\\/\\\/twentsgitaarfestival.nl\\\/de\\\/masterclass\\\/#primaryimage\"},\"image\":{\"@id\":\"https:\\\/\\\/twentsgitaarfestival.nl\\\/de\\\/masterclass\\\/#primaryimage\"},\"thumbnailUrl\":\"https:\\\/\\\/twentsgitaarfestival.nl\\\/wp-content\\\/uploads\\\/2024\\\/03\\\/Galietto600x800.png\",\"datePublished\":\"2014-12-23T21:40:42+00:00\",\"dateModified\":\"2024-04-06T18:03:35+00:00\",\"description\":\"Unsere \u00f6ffentlichen Meisterkurse bieten die M\u00f6glichkeit, von einem ber\u00fchmten Gitarristen zu lernen. Auf dem Twents Gitaarfestival: vom 26 - 29.05.2022\",\"breadcrumb\":{\"@id\":\"https:\\\/\\\/twentsgitaarfestival.nl\\\/de\\\/masterclass\\\/#breadcrumb\"},\"inLanguage\":\"de-DE\",\"potentialAction\":[{\"@type\":\"ReadAction\",\"target\":[\"https:\\\/\\\/twentsgitaarfestival.nl\\\/de\\\/masterclass\\\/\"]}]},{\"@type\":\"ImageObject\",\"inLanguage\":\"de-DE\",\"@id\":\"https:\\\/\\\/twentsgitaarfestival.nl\\\/de\\\/masterclass\\\/#primaryimage\",\"url\":\"https:\\\/\\\/twentsgitaarfestival.nl\\\/wp-content\\\/uploads\\\/2024\\\/03\\\/Galietto600x800.png\",\"contentUrl\":\"https:\\\/\\\/twentsgitaarfestival.nl\\\/wp-content\\\/uploads\\\/2024\\\/03\\\/Galietto600x800.png\"},{\"@type\":\"BreadcrumbList\",\"@id\":\"https:\\\/\\\/twentsgitaarfestival.nl\\\/de\\\/masterclass\\\/#breadcrumb\",\"itemListElement\":[{\"@type\":\"ListItem\",\"position\":1,\"name\":\"Home\",\"item\":\"https:\\\/\\\/twentsgitaarfestival.nl\\\/de\\\/home\\\/\"},{\"@type\":\"ListItem\",\"position\":2,\"name\":\"Gitarrenunterricht \\\/ Masterclass &#8211; Bekomme Unterricht von einem ber\u00fchmten Gitarristen!\"}]},{\"@type\":\"WebSite\",\"@id\":\"https:\\\/\\\/twentsgitaarfestival.nl\\\/#website\",\"url\":\"https:\\\/\\\/twentsgitaarfestival.nl\\\/\",\"name\":\"Twents Gitaar Festival\",\"description\":\"Van 18 t\\\/m 21 mei 2023\",\"publisher\":{\"@id\":\"https:\\\/\\\/twentsgitaarfestival.nl\\\/#organization\"},\"potentialAction\":[{\"@type\":\"SearchAction\",\"target\":{\"@type\":\"EntryPoint\",\"urlTemplate\":\"https:\\\/\\\/twentsgitaarfestival.nl\\\/?s={search_term_string}\"},\"query-input\":{\"@type\":\"PropertyValueSpecification\",\"valueRequired\":true,\"valueName\":\"search_term_string\"}}],\"inLanguage\":\"de-DE\"},{\"@type\":\"Organization\",\"@id\":\"https:\\\/\\\/twentsgitaarfestival.nl\\\/#organization\",\"name\":\"Stchting Twents Gitaarfestival\",\"url\":\"https:\\\/\\\/twentsgitaarfestival.nl\\\/\",\"logo\":{\"@type\":\"ImageObject\",\"inLanguage\":\"de-DE\",\"@id\":\"https:\\\/\\\/twentsgitaarfestival.nl\\\/#\\\/schema\\\/logo\\\/image\\\/\",\"url\":\"https:\\\/\\\/twentsgitaarfestival.nl\\\/wp-content\\\/uploads\\\/2018\\\/12\\\/TGF-Logo_19.png\",\"contentUrl\":\"https:\\\/\\\/twentsgitaarfestival.nl\\\/wp-content\\\/uploads\\\/2018\\\/12\\\/TGF-Logo_19.png\",\"width\":800,\"height\":414,\"caption\":\"Stchting Twents Gitaarfestival\"},\"image\":{\"@id\":\"https:\\\/\\\/twentsgitaarfestival.nl\\\/#\\\/schema\\\/logo\\\/image\\\/\"}}]}<\/script>\n<!-- \/ Yoast SEO plugin. -->","yoast_head_json":{"title":"Twents Gitaarfestival","description":"Unsere \u00f6ffentlichen Meisterkurse bieten die M\u00f6glichkeit, von einem ber\u00fchmten Gitarristen zu lernen. Auf dem Twents Gitaarfestival: vom 26 - 29.05.2022","robots":{"index":"index","follow":"follow","max-snippet":"max-snippet:-1","max-image-preview":"max-image-preview:large","max-video-preview":"max-video-preview:-1"},"canonical":"https:\/\/twentsgitaarfestival.nl\/de\/masterclass\/","og_locale":"de_DE","og_type":"article","og_description":"Unsere \u00f6ffentlichen Meisterkurse bieten die M\u00f6glichkeit, von einem ber\u00fchmten Gitarristen zu lernen. Auf dem Twents Gitaarfestival: vom 26 - 29.05.2022","og_url":"https:\/\/twentsgitaarfestival.nl\/de\/masterclass\/","og_site_name":"Twents Gitaarfestival","article_modified_time":"2024-04-06T18:03:35+00:00","og_image":[{"url":"https:\/\/twentsgitaarfestival.nl\/wp-content\/uploads\/2024\/03\/Galietto600x800.png","type":"","width":"","height":""}],"twitter_card":"summary_large_image","twitter_misc":{"Gesch\u00e4tzte Lesezeit":"4 minutes"},"schema":{"@context":"https:\/\/schema.org","@graph":[{"@type":"WebPage","@id":"https:\/\/twentsgitaarfestival.nl\/de\/masterclass\/","url":"https:\/\/twentsgitaarfestival.nl\/de\/masterclass\/","name":"","isPartOf":{"@id":"https:\/\/twentsgitaarfestival.nl\/#website"},"primaryImageOfPage":{"@id":"https:\/\/twentsgitaarfestival.nl\/de\/masterclass\/#primaryimage"},"image":{"@id":"https:\/\/twentsgitaarfestival.nl\/de\/masterclass\/#primaryimage"},"thumbnailUrl":"https:\/\/twentsgitaarfestival.nl\/wp-content\/uploads\/2024\/03\/Galietto600x800.png","datePublished":"2014-12-23T21:40:42+00:00","dateModified":"2024-04-06T18:03:35+00:00","description":"Unsere \u00f6ffentlichen Meisterkurse bieten die M\u00f6glichkeit, von einem ber\u00fchmten Gitarristen zu lernen. Auf dem Twents Gitaarfestival: vom 26 - 29.05.2022","breadcrumb":{"@id":"https:\/\/twentsgitaarfestival.nl\/de\/masterclass\/#breadcrumb"},"inLanguage":"de-DE","potentialAction":[{"@type":"ReadAction","target":["https:\/\/twentsgitaarfestival.nl\/de\/masterclass\/"]}]},{"@type":"ImageObject","inLanguage":"de-DE","@id":"https:\/\/twentsgitaarfestival.nl\/de\/masterclass\/#primaryimage","url":"https:\/\/twentsgitaarfestival.nl\/wp-content\/uploads\/2024\/03\/Galietto600x800.png","contentUrl":"https:\/\/twentsgitaarfestival.nl\/wp-content\/uploads\/2024\/03\/Galietto600x800.png"},{"@type":"BreadcrumbList","@id":"https:\/\/twentsgitaarfestival.nl\/de\/masterclass\/#breadcrumb","itemListElement":[{"@type":"ListItem","position":1,"name":"Home","item":"https:\/\/twentsgitaarfestival.nl\/de\/home\/"},{"@type":"ListItem","position":2,"name":"Gitarrenunterricht \/ Masterclass &#8211; Bekomme Unterricht von einem ber\u00fchmten Gitarristen!"}]},{"@type":"WebSite","@id":"https:\/\/twentsgitaarfestival.nl\/#website","url":"https:\/\/twentsgitaarfestival.nl\/","name":"Twents Gitaar Festival","description":"Van 18 t\/m 21 mei 2023","publisher":{"@id":"https:\/\/twentsgitaarfestival.nl\/#organization"},"potentialAction":[{"@type":"SearchAction","target":{"@type":"EntryPoint","urlTemplate":"https:\/\/twentsgitaarfestival.nl\/?s={search_term_string}"},"query-input":{"@type":"PropertyValueSpecification","valueRequired":true,"valueName":"search_term_string"}}],"inLanguage":"de-DE"},{"@type":"Organization","@id":"https:\/\/twentsgitaarfestival.nl\/#organization","name":"Stchting Twents Gitaarfestival","url":"https:\/\/twentsgitaarfestival.nl\/","logo":{"@type":"ImageObject","inLanguage":"de-DE","@id":"https:\/\/twentsgitaarfestival.nl\/#\/schema\/logo\/image\/","url":"https:\/\/twentsgitaarfestival.nl\/wp-content\/uploads\/2018\/12\/TGF-Logo_19.png","contentUrl":"https:\/\/twentsgitaarfestival.nl\/wp-content\/uploads\/2018\/12\/TGF-Logo_19.png","width":800,"height":414,"caption":"Stchting Twents Gitaarfestival"},"image":{"@id":"https:\/\/twentsgitaarfestival.nl\/#\/schema\/logo\/image\/"}}]}},"_links":{"self":[{"href":"https:\/\/twentsgitaarfestival.nl\/de\/wp-json\/wp\/v2\/pages\/1420","targetHints":{"allow":["GET"]}}],"collection":[{"href":"https:\/\/twentsgitaarfestival.nl\/de\/wp-json\/wp\/v2\/pages"}],"about":[{"href":"https:\/\/twentsgitaarfestival.nl\/de\/wp-json\/wp\/v2\/types\/page"}],"author":[{"embeddable":true,"href":"https:\/\/twentsgitaarfestival.nl\/de\/wp-json\/wp\/v2\/users\/1"}],"replies":[{"embeddable":true,"href":"https:\/\/twentsgitaarfestival.nl\/de\/wp-json\/wp\/v2\/comments?post=1420"}],"version-history":[{"count":5,"href":"https:\/\/twentsgitaarfestival.nl\/de\/wp-json\/wp\/v2\/pages\/1420\/revisions"}],"predecessor-version":[{"id":12065,"href":"https:\/\/twentsgitaarfestival.nl\/de\/wp-json\/wp\/v2\/pages\/1420\/revisions\/12065"}],"wp:attachment":[{"href":"https:\/\/twentsgitaarfestival.nl\/de\/wp-json\/wp\/v2\/media?parent=1420"}],"curies":[{"name":"wp","href":"https:\/\/api.w.org\/{rel}","templated":true}]}}