{"id":6104,"date":"2021-02-19T17:25:57","date_gmt":"2021-02-19T16:25:57","guid":{"rendered":"https:\/\/twentsgitaarfestival.nl\/?page_id=6104"},"modified":"2021-02-20T16:59:01","modified_gmt":"2021-02-20T15:59:01","slug":"cookie-policy","status":"publish","type":"page","link":"https:\/\/twentsgitaarfestival.nl\/de\/cookie-policy\/","title":{"rendered":"Cookie Richtlinie"},"content":{"rendered":"<div class=\"cli_pg_page_contaner\">\n<h3><span class=\"VIiyi\" lang=\"nl\"><span class=\"JLqJ4b ChMk0b\" data-language-for-alternatives=\"nl\" data-language-to-translate-into=\"en\" data-phrase-index=\"0\"><span class=\"VIiyi\" lang=\"de\">\u00dcber diese Cookie-Richtlinie<\/span> <\/span><\/span><\/h3>\n<div>\n<p><span lang=\"de-DE\">In dieser Cookie-Richtlinie wird erl\u00e4utert, was Cookies sind und wie wir sie verwenden, welche Arten von Cookies wir verwenden, d. H. Welche Informationen wir mithilfe von Cookies sammeln und wie diese Informationen verwendet werden und wie die Cookie-Einstellungen gesteuert werden. Weitere Informationen dar\u00fcber, wie wir Ihre pers\u00f6nlichen Daten verwenden, speichern und sch\u00fctzen, finden Sie in unseren Datenschutzbestimmungen. Sie k\u00f6nnen Ihre Zustimmung jederzeit von der Cookie-Erkl\u00e4rung auf unserer Website \u00e4ndern oder widerrufen Erfahren Sie in unserer Datenschutzrichtlinie mehr dar\u00fcber, wer wir sind, wie Sie mit uns Kontakt aufnehmen k\u00f6nnen und wie wir personenbezogene Daten verarbeiten. Ihre Zustimmung gilt f\u00fcr folgende Domains: www.twentsgitaarfestival.nl<\/span><\/p>\n<div class=\"cli_user_consent_state\">Dein aktueller Status: Keine Einwilligung erteilt. <a class=\"cli_manage_current_consent\" style=\"cursor:pointer;text-decoration:underline;\">Verwalte deine Einwilligung<\/a> <\/div>\n<\/div>\n<h3><span class=\"VIiyi\" lang=\"nl\"><span class=\"JLqJ4b ChMk0b\" data-language-for-alternatives=\"nl\" data-language-to-translate-into=\"en\" data-phrase-index=\"0\"><span class=\"VIiyi\" lang=\"de\">Was sind Cookies?<\/span> <\/span><\/span><\/h3>\n<div>\n<p><span lang=\"de-DE\">Cookies sind kleine Textdateien, in denen Informationen gespeichert werden. Sie werden auf Ihrem Ger\u00e4t gespeichert, wenn die Website in Ihren Browser geladen wird. Diese Cookies helfen uns dabei, die Website ordnungsgem\u00e4\u00df zu funktionieren zu lassen, sicherer zu machen, eine bessere Benutzererfahrung zu bieten, die Leistung der Website zu verstehen und zu analysieren, hinsichtlich dessen was funktioniert und wo Verbesserungen erforderlich sind.<\/span><\/p>\n<\/div>\n<h3><span class=\"VIiyi\" lang=\"nl\"><span class=\"JLqJ4b ChMk0b\" data-language-for-alternatives=\"nl\" data-language-to-translate-into=\"en\" data-phrase-index=\"0\"><span class=\"VIiyi\" lang=\"de\">Wie verwenden wir Cookies?<\/span><\/span><\/span><\/h3>\n<div>\n<p><span lang=\"de-DE\">Wie die meisten Onlinedienste verwendet unsere Website Cookies von Erstanbietern und Drittanbietern f\u00fcr verschiedene Zwecke. Erstanbieter-Cookies sind meistens erforderlich, damit die Website ordnungsgem\u00e4\u00df funktioniert, und sie sammeln keine Ihrer personenbezogenen Daten. Die auf unserer Website verwendeten Cookies von Drittanbietern dienen haupts\u00e4chlich dazu, die Leistung der Website zu verstehen, wie Sie mit unserer Website interagieren, unsere Dienste sicher zu halten, f\u00fcr Sie relevante Werbung bereitzustellen und Ihnen insgesamt einen besseren Service zu bieten. Diese Cookies beschleunigen auch Ihre zuk\u00fcnftigen Interaktionen mit unserer Website.<\/span><\/p>\n<\/div>\n<h3><span class=\"VIiyi\" lang=\"nl\"><span class=\"JLqJ4b ChMk0b\" data-language-for-alternatives=\"nl\" data-language-to-translate-into=\"en\" data-phrase-index=\"0\"><span class=\"VIiyi\" lang=\"de\">Welche Arten von Cookies verwenden wir?<\/span><\/span><\/span><\/h3>\n<div>\n<p><span lang=\"de-DE\"><b>Essentiell:<\/b><\/span><span lang=\"de-DE\"> Einige Cookies sind unerl\u00e4sslich, damit Sie die volle Funktionalit\u00e4t unserer Website nutzen k\u00f6nnen. Sie erm\u00f6glichen es uns, Benutzersitzungen aufrechtzuerhalten und Sicherheitsbedrohungen zu verhindern. Sie sammeln oder speichern keine pers\u00f6nlichen Daten. Mit diesen Cookies k\u00f6nnen Sie sich beispielsweise in Ihrem Konto anmelden, Produkte in den Warenkorb legen und sicher auschecken.<\/span><\/p>\n<p><span lang=\"de-DE\"><b>Statistiken:<\/b><\/span><span lang=\"de-DE\"> Diese Cookies speichern Informationen wie die Anzahl der Besucher der Website, die Anzahl der eindeutigen Besucher, welche Seiten der Website besucht wurden, die Quelle des Besuchs usw. Diese Daten helfen uns zu verstehen und zu analysieren, wie gut die Website funktioniert und wo etwas verbessert werden muss.<\/span><\/p>\n<p><span lang=\"de-DE\"><b>Marketing:<\/b><\/span><span lang=\"de-DE\"> Unsere Website zeigt Werbung an. Diese Cookies werden verwendet, um die Anzeigen, die wir Ihnen zeigen, so zu personalisieren, dass sie f\u00fcr Sie von Bedeutung sind. Mithilfe dieser Cookies k\u00f6nnen wir auch die Effizienz dieser Werbekampagnen verfolgen.<\/span><\/p>\n<p>Die in diesen Cookies gespeicherten Informationen k\u00f6nnen auch von Drittanbietern verwendet werden, um Ihnen Anzeigen auf anderen Websites im Browser zu schalten.<\/p>\n<p><span lang=\"de-DE\"><b>Funktional:<\/b><\/span><span lang=\"de-DE\"> Dies sind die Cookies, die bestimmte nicht wesentliche Funktionen auf unserer Website unterst\u00fctzen. Diese Funktionen umfassen das Einbetten von Inhalten wie Videos oder das Teilen von Inhalten der Website auf Social Media-Plattformen.<\/span><\/p>\n<p><span lang=\"de-DE\"><b>Einstellungen:<\/b><\/span><span lang=\"de-DE\"> Diese Cookies helfen uns, Ihre Einstellungen und Browsing-Einstellungen wie Spracheinstellungen zu speichern, damit Sie bei zuk\u00fcnftigen Besuchen der Website eine bessere und effizientere Erfahrung machen k\u00f6nnen. <\/span><\/p>\n<p><span lang=\"de-DE\"><table class=\"cookielawinfo-row-cat-table cookielawinfo-classic\"><thead><tr><th class=\"cookielawinfo-column-1\">Cookie<\/th><th class=\"cookielawinfo-column-4\">Beschreibung<\/th><\/tr><\/thead><tbody><tr class=\"cookielawinfo-row\"><td class=\"cookielawinfo-column-1\">CONSENT<\/td><td class=\"cookielawinfo-column-4\"><span class=\"VIiyi\" lang=\"nl\"><span class=\"JLqJ4b ChMk0b C1N51c\" data-language-for-alternatives=\"nl\" data-language-to-translate-into=\"en\" data-phrase-index=\"0\">Gesetzt durch youtube.com<\/span><\/span><\/td><\/tr><tr class=\"cookielawinfo-row\"><td class=\"cookielawinfo-column-1\">cookielawinfo-checkbox-necessary<\/td><td class=\"cookielawinfo-column-4\"><span class=\"VIiyi\" lang=\"nl\"><span class=\"JLqJ4b ChMk0b\" data-language-for-alternatives=\"nl\" data-language-to-translate-into=\"de\" data-phrase-index=\"3\"><span class=\"VIiyi\" lang=\"de\">Dieses Cookie wird vom GDPR Cookie Consent Plugin gesetzt. Die Cookies werden verwendet, um die Benutzereinwilligung f\u00fcr die Cookies in der Kategorie \"Notwendig\" zu speichern. Keines dieser Cookies speichert die pers\u00f6nlichen Daten der Benutzer.<\/span> <\/span><\/span><\/td><\/tr><tr class=\"cookielawinfo-row\"><td class=\"cookielawinfo-column-1\">cookielawinfo-checkbox-non-necessary<\/td><td class=\"cookielawinfo-column-4\"><span class=\"VIiyi\" lang=\"nl\"><span class=\"JLqJ4b ChMk0b\" data-language-for-alternatives=\"nl\" data-language-to-translate-into=\"de\" data-phrase-index=\"3\"><span class=\"VIiyi\" lang=\"de\">Dieses Cookie wird vom GDPR Cookie Consent Plugin gesetzt. Die Cookies werden verwendet, um die Benutzereinwilligung f\u00fcr die Cookies in der Kategorie \"Nicht erforderlich\" zu speichern <\/span><\/span><\/span>\r\n\r\n<span class=\"VIiyi\" lang=\"nl\"><span class=\"JLqJ4b ChMk0b\" data-language-for-alternatives=\"nl\" data-language-to-translate-into=\"de\" data-phrase-index=\"3\"><span class=\"VIiyi\" lang=\"de\">Keines dieser Cookies speichert die pers\u00f6nlichen Daten der Benutzer.<\/span><\/span><\/span><\/td><\/tr><tr class=\"cookielawinfo-row\"><td class=\"cookielawinfo-column-1\">IDE<\/td><td class=\"cookielawinfo-column-4\"><span class=\"VIiyi\" lang=\"nl\"><span class=\"JLqJ4b ChMk0b\" data-language-for-alternatives=\"nl\" data-language-to-translate-into=\"de\" data-phrase-index=\"1\"><span class=\"VIiyi\" lang=\"de\">Wird von Google DoubleClick verwendet und speichert Informationen dar\u00fcber, wie der Nutzer die Website und andere Werbung verwendet, bevor er die Website besucht. Dies wird verwendet, um Nutzern Anzeigen zu pr\u00e4sentieren, die f\u00fcr sie entsprechend dem Nutzerprofil relevant sind<\/span> <\/span><\/span><\/td><\/tr><tr class=\"cookielawinfo-row\"><td class=\"cookielawinfo-column-1\">PHPSESSID<\/td><td class=\"cookielawinfo-column-4\"><span class=\"VIiyi\" lang=\"nl\"><span class=\"JLqJ4b ChMk0b\" data-language-for-alternatives=\"nl\" data-language-to-translate-into=\"de\" data-phrase-index=\"2\"><span class=\"VIiyi\" lang=\"de\">Dieses Cookie stammt urspr\u00fcnglich aus PHP-Anwendungen. Das Cookie wird zum Speichern und Identifizieren der eindeutigen Sitzungs-ID eines Benutzers verwendet, um die Benutzersitzung auf der Website zu verwalten. Das Cookie ist ein Sitzungscookie und wird gel\u00f6scht, wenn alle Browserfenster geschlossen sind.<\/span><\/span><\/span><\/td><\/tr><tr class=\"cookielawinfo-row\"><td class=\"cookielawinfo-column-1\">test_cookie<\/td><td class=\"cookielawinfo-column-4\"><span class=\"VIiyi\" lang=\"nl\"><span class=\"JLqJ4b ChMk0b\" data-language-for-alternatives=\"nl\" data-language-to-translate-into=\"de\" data-phrase-index=\"1\"><span class=\"VIiyi\" lang=\"de\">Dieses Cookie wird von doubleclick.net gesetzt. Mit dem Cookie soll festgestellt werden, ob der Browser des Benutzers Cookies unterst\u00fctzt.<\/span> <\/span><\/span><\/td><\/tr><tr class=\"cookielawinfo-row\"><td class=\"cookielawinfo-column-1\">VISITOR_INFO1_LIVE<\/td><td class=\"cookielawinfo-column-4\"><span class=\"VIiyi\" lang=\"nl\"><span class=\"JLqJ4b ChMk0b\" data-language-for-alternatives=\"nl\" data-language-to-translate-into=\"de\" data-phrase-index=\"1\"><span class=\"VIiyi\" lang=\"de\">Dieser Cookie wird von Youtube gesetzt. Wird verwendet, um die Informationen der eingebetteten YouTube-Videos auf einer Website zu verfolgen.<\/span><\/span><\/span><\/td><\/tr><tr class=\"cookielawinfo-row\"><td class=\"cookielawinfo-column-1\">YSC<\/td><td class=\"cookielawinfo-column-4\"><span class=\"VIiyi\" lang=\"nl\"><span class=\"JLqJ4b ChMk0b\" data-language-for-alternatives=\"nl\" data-language-to-translate-into=\"en\" data-phrase-index=\"0\"><span class=\"VIiyi\" lang=\"de\">Diese Cookies werden von Youtube gesetzt und dienen zum Verfolgen der Ansichten eingebetteter Videos<\/span> <\/span><\/span><\/td><\/tr><tr class=\"cookielawinfo-row\"><td class=\"cookielawinfo-column-1\">_ga<\/td><td class=\"cookielawinfo-column-4\"><span class=\"VIiyi\" lang=\"nl\"><span class=\"JLqJ4b ChMk0b\" data-language-for-alternatives=\"nl\" data-language-to-translate-into=\"de\" data-phrase-index=\"2\"><span class=\"VIiyi\" lang=\"de\">Dieses Cookie wird von Google Analytics installiert. Das Cookie wird verwendet, um Besucher-, Sitzungs- und Kampagnendaten zu berechnen und die Nutzung der Website f\u00fcr den Analysebericht der Website zu verfolgen. Die Cookies speichern Informationen anonym und weisen eine zuf\u00e4llig generierte Nummer zu, um eindeutige Besucher zu identifizieren<\/span><\/span><\/span><\/td><\/tr><tr class=\"cookielawinfo-row\"><td class=\"cookielawinfo-column-1\">_gat<\/td><td class=\"cookielawinfo-column-4\"><span class=\"VIiyi\" lang=\"de\"><span class=\"JLqJ4b ChMk0b\" data-language-for-alternatives=\"de\" data-language-to-translate-into=\"en\" data-phrase-index=\"0\">Diese Cookies werden von Google Universal Analytics installiert, um die Anforderungsrate zu drosseln und die Datenerfassung auf Websites mit hohem Datenverkehr zu begrenzen<\/span><\/span>.<\/td><\/tr><tr class=\"cookielawinfo-row\"><td class=\"cookielawinfo-column-1\">_gid<\/td><td class=\"cookielawinfo-column-4\"><span class=\"VIiyi\" lang=\"de\"><span class=\"JLqJ4b ChMk0b\" data-language-for-alternatives=\"de\" data-language-to-translate-into=\"en\" data-phrase-index=\"0\">Dieses Cookie wird von Google Analytics installiert.<\/span> <span class=\"JLqJ4b ChMk0b\" data-language-for-alternatives=\"de\" data-language-to-translate-into=\"en\" data-phrase-index=\"1\">Das Cookie wird verwendet, um Informationen dar\u00fcber zu speichern, wie Besucher eine Website nutzen, und hilft bei der Erstellung eines Analyseberichts \u00fcber die Funktionsweise der Website.<\/span> <span class=\"JLqJ4b ChMk0b\" data-language-for-alternatives=\"de\" data-language-to-translate-into=\"en\" data-phrase-index=\"2\">Die gesammelten Daten, einschlie\u00dflich der Anzahl der Besucher, der Quelle, aus der sie stammen, und der Seiten, die in anonymer Form angezeigt werden.<\/span><\/span><\/td><\/tr><\/tbody><\/table><\/span><\/p>\n<\/div>\n<h3><span class=\"VIiyi\" lang=\"nl\"><span class=\"JLqJ4b ChMk0b\" data-language-for-alternatives=\"nl\" data-language-to-translate-into=\"en\" data-phrase-index=\"0\"><span class=\"VIiyi\" lang=\"de\">Wie kann ich Cookie-Einstellungen verwalten?<\/span><\/span><\/span><\/h3>\n<div>\n<p><span lang=\"de-DE\">Wenn Sie Ihre Einstellungen sp\u00e4ter w\u00e4hrend Ihrer Browsersitzung \u00e4ndern m\u00f6chten, k\u00f6nnen Sie auf Ihrem Bildschirm auf die Registerkarte &#8220;Datenschutz- und Cookie-Richtlinie&#8221; klicken. Dadurch wird der Zustimmungshinweis erneut angezeigt, sodass Sie Ihre Einstellungen \u00e4ndern oder Ihre Einwilligung vollst\u00e4ndig widerrufen k\u00f6nnen. Dar\u00fcber hinaus bieten verschiedene Browser unterschiedliche Methoden zum Blockieren und L\u00f6schen von Cookies, die von Websites verwendet werden. Sie k\u00f6nnen die Einstellungen Ihres Browsers \u00e4ndern, um die Cookies zu blockieren \/ l\u00f6schen. Weitere Informationen zum Verwalten und L\u00f6schen von Cookies finden Sie unter wikipedia.org, www.allaboutcookies.org.<\/span><\/p>\n<\/div>\n<\/div>\n","protected":false},"excerpt":{"rendered":"<p>\u00dcber diese Cookie-Richtlinie In dieser Cookie-Richtlinie wird erl\u00e4utert, was Cookies sind und wie wir sie verwenden, welche Arten von Cookies wir verwenden, d. H. Welche Informationen wir mithilfe von Cookies sammeln und wie diese Informationen verwendet werden und wie die Cookie-Einstellungen gesteuert werden. Weitere Informationen dar\u00fcber, wie wir Ihre pers\u00f6nlichen Daten verwenden, speichern und sch\u00fctzen, [&hellip;]<\/p>\n","protected":false},"author":7,"featured_media":0,"parent":0,"menu_order":0,"comment_status":"closed","ping_status":"closed","template":"","meta":{"_acf_changed":false,"footnotes":""},"class_list":["post-6104","page","type-page","status-publish","hentry"],"acf":[],"yoast_head":"<!-- This site is optimized with the Yoast SEO plugin v26.9 - https:\/\/yoast.com\/product\/yoast-seo-wordpress\/ -->\n<title>Cookie Richtlinie - Twents Gitaarfestival<\/title>\n<meta name=\"robots\" content=\"index, follow, max-snippet:-1, max-image-preview:large, max-video-preview:-1\" \/>\n<link rel=\"canonical\" href=\"https:\/\/twentsgitaarfestival.nl\/de\/cookie-policy\/\" \/>\n<meta property=\"og:locale\" content=\"de_DE\" \/>\n<meta property=\"og:type\" content=\"article\" \/>\n<meta property=\"og:title\" content=\"Cookie Richtlinie - Twents Gitaarfestival\" \/>\n<meta property=\"og:description\" content=\"\u00dcber diese Cookie-Richtlinie In dieser Cookie-Richtlinie wird erl\u00e4utert, was Cookies sind und wie wir sie verwenden, welche Arten von Cookies wir verwenden, d. H. Welche Informationen wir mithilfe von Cookies sammeln und wie diese Informationen verwendet werden und wie die Cookie-Einstellungen gesteuert werden. Weitere Informationen dar\u00fcber, wie wir Ihre pers\u00f6nlichen Daten verwenden, speichern und sch\u00fctzen, [&hellip;]\" \/>\n<meta property=\"og:url\" content=\"https:\/\/twentsgitaarfestival.nl\/de\/cookie-policy\/\" \/>\n<meta property=\"og:site_name\" content=\"Twents Gitaarfestival\" \/>\n<meta property=\"article:modified_time\" content=\"2021-02-20T15:59:01+00:00\" \/>\n<meta name=\"twitter:card\" content=\"summary_large_image\" \/>\n<meta name=\"twitter:label1\" content=\"Gesch\u00e4tzte Lesezeit\" \/>\n\t<meta name=\"twitter:data1\" content=\"3 minutes\" \/>\n<script type=\"application\/ld+json\" class=\"yoast-schema-graph\">{\"@context\":\"https:\/\/schema.org\",\"@graph\":[{\"@type\":\"WebPage\",\"@id\":\"https:\/\/twentsgitaarfestival.nl\/de\/cookie-policy\/\",\"url\":\"https:\/\/twentsgitaarfestival.nl\/de\/cookie-policy\/\",\"name\":\"Cookie Richtlinie - Twents Gitaarfestival\",\"isPartOf\":{\"@id\":\"https:\/\/twentsgitaarfestival.nl\/#website\"},\"datePublished\":\"2021-02-19T16:25:57+00:00\",\"dateModified\":\"2021-02-20T15:59:01+00:00\",\"breadcrumb\":{\"@id\":\"https:\/\/twentsgitaarfestival.nl\/de\/cookie-policy\/#breadcrumb\"},\"inLanguage\":\"de-DE\",\"potentialAction\":[{\"@type\":\"ReadAction\",\"target\":[\"https:\/\/twentsgitaarfestival.nl\/de\/cookie-policy\/\"]}]},{\"@type\":\"BreadcrumbList\",\"@id\":\"https:\/\/twentsgitaarfestival.nl\/de\/cookie-policy\/#breadcrumb\",\"itemListElement\":[{\"@type\":\"ListItem\",\"position\":1,\"name\":\"Home\",\"item\":\"https:\/\/twentsgitaarfestival.nl\/de\/home\/\"},{\"@type\":\"ListItem\",\"position\":2,\"name\":\"Cookie Richtlinie\"}]},{\"@type\":\"WebSite\",\"@id\":\"https:\/\/twentsgitaarfestival.nl\/#website\",\"url\":\"https:\/\/twentsgitaarfestival.nl\/\",\"name\":\"Twents Gitaar Festival\",\"description\":\"Van 18 t\/m 21 mei 2023\",\"publisher\":{\"@id\":\"https:\/\/twentsgitaarfestival.nl\/#organization\"},\"potentialAction\":[{\"@type\":\"SearchAction\",\"target\":{\"@type\":\"EntryPoint\",\"urlTemplate\":\"https:\/\/twentsgitaarfestival.nl\/?s={search_term_string}\"},\"query-input\":{\"@type\":\"PropertyValueSpecification\",\"valueRequired\":true,\"valueName\":\"search_term_string\"}}],\"inLanguage\":\"de-DE\"},{\"@type\":\"Organization\",\"@id\":\"https:\/\/twentsgitaarfestival.nl\/#organization\",\"name\":\"Stchting Twents Gitaarfestival\",\"url\":\"https:\/\/twentsgitaarfestival.nl\/\",\"logo\":{\"@type\":\"ImageObject\",\"inLanguage\":\"de-DE\",\"@id\":\"https:\/\/twentsgitaarfestival.nl\/#\/schema\/logo\/image\/\",\"url\":\"https:\/\/twentsgitaarfestival.nl\/wp-content\/uploads\/2018\/12\/TGF-Logo_19.png\",\"contentUrl\":\"https:\/\/twentsgitaarfestival.nl\/wp-content\/uploads\/2018\/12\/TGF-Logo_19.png\",\"width\":800,\"height\":414,\"caption\":\"Stchting Twents Gitaarfestival\"},\"image\":{\"@id\":\"https:\/\/twentsgitaarfestival.nl\/#\/schema\/logo\/image\/\"}}]}<\/script>\n<!-- \/ Yoast SEO plugin. -->","yoast_head_json":{"title":"Cookie Richtlinie - Twents Gitaarfestival","robots":{"index":"index","follow":"follow","max-snippet":"max-snippet:-1","max-image-preview":"max-image-preview:large","max-video-preview":"max-video-preview:-1"},"canonical":"https:\/\/twentsgitaarfestival.nl\/de\/cookie-policy\/","og_locale":"de_DE","og_type":"article","og_title":"Cookie Richtlinie - Twents Gitaarfestival","og_description":"\u00dcber diese Cookie-Richtlinie In dieser Cookie-Richtlinie wird erl\u00e4utert, was Cookies sind und wie wir sie verwenden, welche Arten von Cookies wir verwenden, d. H. Welche Informationen wir mithilfe von Cookies sammeln und wie diese Informationen verwendet werden und wie die Cookie-Einstellungen gesteuert werden. Weitere Informationen dar\u00fcber, wie wir Ihre pers\u00f6nlichen Daten verwenden, speichern und sch\u00fctzen, [&hellip;]","og_url":"https:\/\/twentsgitaarfestival.nl\/de\/cookie-policy\/","og_site_name":"Twents Gitaarfestival","article_modified_time":"2021-02-20T15:59:01+00:00","twitter_card":"summary_large_image","twitter_misc":{"Gesch\u00e4tzte Lesezeit":"3 minutes"},"schema":{"@context":"https:\/\/schema.org","@graph":[{"@type":"WebPage","@id":"https:\/\/twentsgitaarfestival.nl\/de\/cookie-policy\/","url":"https:\/\/twentsgitaarfestival.nl\/de\/cookie-policy\/","name":"Cookie Richtlinie - Twents Gitaarfestival","isPartOf":{"@id":"https:\/\/twentsgitaarfestival.nl\/#website"},"datePublished":"2021-02-19T16:25:57+00:00","dateModified":"2021-02-20T15:59:01+00:00","breadcrumb":{"@id":"https:\/\/twentsgitaarfestival.nl\/de\/cookie-policy\/#breadcrumb"},"inLanguage":"de-DE","potentialAction":[{"@type":"ReadAction","target":["https:\/\/twentsgitaarfestival.nl\/de\/cookie-policy\/"]}]},{"@type":"BreadcrumbList","@id":"https:\/\/twentsgitaarfestival.nl\/de\/cookie-policy\/#breadcrumb","itemListElement":[{"@type":"ListItem","position":1,"name":"Home","item":"https:\/\/twentsgitaarfestival.nl\/de\/home\/"},{"@type":"ListItem","position":2,"name":"Cookie Richtlinie"}]},{"@type":"WebSite","@id":"https:\/\/twentsgitaarfestival.nl\/#website","url":"https:\/\/twentsgitaarfestival.nl\/","name":"Twents Gitaar Festival","description":"Van 18 t\/m 21 mei 2023","publisher":{"@id":"https:\/\/twentsgitaarfestival.nl\/#organization"},"potentialAction":[{"@type":"SearchAction","target":{"@type":"EntryPoint","urlTemplate":"https:\/\/twentsgitaarfestival.nl\/?s={search_term_string}"},"query-input":{"@type":"PropertyValueSpecification","valueRequired":true,"valueName":"search_term_string"}}],"inLanguage":"de-DE"},{"@type":"Organization","@id":"https:\/\/twentsgitaarfestival.nl\/#organization","name":"Stchting Twents Gitaarfestival","url":"https:\/\/twentsgitaarfestival.nl\/","logo":{"@type":"ImageObject","inLanguage":"de-DE","@id":"https:\/\/twentsgitaarfestival.nl\/#\/schema\/logo\/image\/","url":"https:\/\/twentsgitaarfestival.nl\/wp-content\/uploads\/2018\/12\/TGF-Logo_19.png","contentUrl":"https:\/\/twentsgitaarfestival.nl\/wp-content\/uploads\/2018\/12\/TGF-Logo_19.png","width":800,"height":414,"caption":"Stchting Twents Gitaarfestival"},"image":{"@id":"https:\/\/twentsgitaarfestival.nl\/#\/schema\/logo\/image\/"}}]}},"_links":{"self":[{"href":"https:\/\/twentsgitaarfestival.nl\/de\/wp-json\/wp\/v2\/pages\/6104","targetHints":{"allow":["GET"]}}],"collection":[{"href":"https:\/\/twentsgitaarfestival.nl\/de\/wp-json\/wp\/v2\/pages"}],"about":[{"href":"https:\/\/twentsgitaarfestival.nl\/de\/wp-json\/wp\/v2\/types\/page"}],"author":[{"embeddable":true,"href":"https:\/\/twentsgitaarfestival.nl\/de\/wp-json\/wp\/v2\/users\/7"}],"replies":[{"embeddable":true,"href":"https:\/\/twentsgitaarfestival.nl\/de\/wp-json\/wp\/v2\/comments?post=6104"}],"version-history":[{"count":4,"href":"https:\/\/twentsgitaarfestival.nl\/de\/wp-json\/wp\/v2\/pages\/6104\/revisions"}],"predecessor-version":[{"id":6119,"href":"https:\/\/twentsgitaarfestival.nl\/de\/wp-json\/wp\/v2\/pages\/6104\/revisions\/6119"}],"wp:attachment":[{"href":"https:\/\/twentsgitaarfestival.nl\/de\/wp-json\/wp\/v2\/media?parent=6104"}],"curies":[{"name":"wp","href":"https:\/\/api.w.org\/{rel}","templated":true}]}}